{"id":3978,"date":"2026-04-01T12:20:54","date_gmt":"2026-04-01T10:20:54","guid":{"rendered":"https:\/\/universal-sport-instalaciones.com\/clients-and-projects\/club-natacion-lleida\/"},"modified":"2026-04-06T12:27:24","modified_gmt":"2026-04-06T10:27:24","slug":"club-natacion-lleida","status":"publish","type":"page","link":"https:\/\/universal-sport-instalaciones.com\/en\/clients-and-projects\/club-natacion-lleida\/","title":{"rendered":"Club nataci\u00f3n lleida"},"content":{"rendered":"\t\t<div data-elementor-type=\"wp-page\" data-elementor-id=\"3978\" class=\"elementor elementor-3978 elementor-3643\" data-elementor-post-type=\"page\">\n\t\t\t\t<div class=\"elementor-element elementor-element-31f5e8a e-flex e-con-boxed e-con e-parent\" data-id=\"31f5e8a\" data-element_type=\"container\" data-settings=\"{&quot;background_background&quot;:&quot;slideshow&quot;,&quot;background_slideshow_gallery&quot;:[{&quot;id&quot;:1440,&quot;url&quot;:&quot;https:\\\/\\\/universal-sport-instalaciones.com\\\/wp-content\\\/uploads\\\/2025\\\/06\\\/Club-de-Tenis-Vic.png&quot;},{&quot;id&quot;:1439,&quot;url&quot;:&quot;https:\\\/\\\/universal-sport-instalaciones.com\\\/wp-content\\\/uploads\\\/2025\\\/06\\\/Club-de-Tenis-Vic-3.png&quot;},{&quot;id&quot;:1438,&quot;url&quot;:&quot;https:\\\/\\\/universal-sport-instalaciones.com\\\/wp-content\\\/uploads\\\/2025\\\/06\\\/Club-de-Tenis-Vic-2.png&quot;}],&quot;background_slideshow_loop&quot;:&quot;yes&quot;,&quot;background_slideshow_slide_duration&quot;:5000,&quot;background_slideshow_slide_transition&quot;:&quot;fade&quot;,&quot;background_slideshow_transition_duration&quot;:500}\">\n\t\t\t\t\t<div class=\"e-con-inner\">\n\t\t\t\t<div class=\"elementor-element elementor-element-a55f63c elementor-widget elementor-widget-heading\" data-id=\"a55f63c\" data-element_type=\"widget\" data-widget_type=\"heading.default\">\n\t\t\t\t<div class=\"elementor-widget-container\">\n\t\t\t\t\t<h1 class=\"elementor-heading-title elementor-size-default\">Club Nataci\u00f3n Lleida<\/h1>\t\t\t\t<\/div>\n\t\t\t\t<\/div>\n\t\t\t\t<div class=\"elementor-element elementor-element-cff5c0a elementor-widget elementor-widget-spacer\" data-id=\"cff5c0a\" data-element_type=\"widget\" data-widget_type=\"spacer.default\">\n\t\t\t\t<div class=\"elementor-widget-container\">\n\t\t\t\t\t\t\t<div class=\"elementor-spacer\">\n\t\t\t<div class=\"elementor-spacer-inner\"><\/div>\n\t\t<\/div>\n\t\t\t\t\t\t<\/div>\n\t\t\t\t<\/div>\n\t\t\t\t\t<\/div>\n\t\t\t\t<\/div>\n\t\t<div class=\"elementor-element elementor-element-8a496da e-con-full e-flex e-con e-parent\" data-id=\"8a496da\" data-element_type=\"container\">\n\t\t<div class=\"elementor-element elementor-element-7348406 e-con-full e-flex e-con e-child\" data-id=\"7348406\" data-element_type=\"container\">\n\t\t\t\t<div class=\"elementor-element elementor-element-b258547 elementor-widget elementor-widget-hfe-breadcrumbs-widget\" data-id=\"b258547\" data-element_type=\"widget\" data-widget_type=\"hfe-breadcrumbs-widget.default\">\n\t\t\t\t<div class=\"elementor-widget-container\">\n\t\t\t\t\t<nav aria-label=\"Breadcrumb\"><ul class=\"hfe-breadcrumbs hfe-breadcrumbs-show-home\"><li class=\"hfe-breadcrumbs-item hfe-breadcrumbs-first\"><span class=\"hfe-breadcrumbs-home-icon\"><\/span><a href=\"https:\/\/universal-sport-instalaciones.com\/en\/\"><span class=\"hfe-breadcrumbs-text\">Home<\/span><\/a><\/li><\/ul><\/nav>\t\t\t\t<\/div>\n\t\t\t\t<\/div>\n\t\t\t\t<div class=\"elementor-element elementor-element-0d62c82 elementor-widget elementor-widget-heading\" data-id=\"0d62c82\" data-element_type=\"widget\" data-widget_type=\"heading.default\">\n\t\t\t\t<div class=\"elementor-widget-container\">\n\t\t\t\t\t<h2 class=\"elementor-heading-title elementor-size-default\">Club Nataci\u00f3n Lleida: tennis court installation in Lleida with Plexipave\u00ae surface<\/h2>\t\t\t\t<\/div>\n\t\t\t\t<\/div>\n\t\t\t\t<div class=\"elementor-element elementor-element-82205f2 elementor-widget__width-initial elementor-widget elementor-widget-text-editor\" data-id=\"82205f2\" data-element_type=\"widget\" data-widget_type=\"text-editor.default\">\n\t\t\t\t<div class=\"elementor-widget-container\">\n\t\t\t\t\t\t\t\t\t<div class=\"flex flex-col text-sm pb-25\"><section class=\"text-token-text-primary w-full focus:outline-none [--shadow-height:45px] has-data-writing-block:pointer-events-none has-data-writing-block:-mt-(--shadow-height) has-data-writing-block:pt-(--shadow-height) [&amp;:has([data-writing-block])&gt;*]:pointer-events-auto scroll-mt-[calc(var(--header-height)+min(200px,max(70px,20svh)))]\" dir=\"auto\" data-turn-id=\"request-WEB:aef6c1df-c83c-4f13-9f99-de0e29c31e60-11\" data-testid=\"conversation-turn-24\" data-scroll-anchor=\"true\" data-turn=\"assistant\"><div class=\"text-base my-auto mx-auto pb-10 [--thread-content-margin:var(--thread-content-margin-xs,calc(var(--spacing)*4))] @w-sm\/main:[--thread-content-margin:var(--thread-content-margin-sm,calc(var(--spacing)*6))] @w-lg\/main:[--thread-content-margin:var(--thread-content-margin-lg,calc(var(--spacing)*16))] px-(--thread-content-margin)\"><div class=\"[--thread-content-max-width:40rem] @w-lg\/main:[--thread-content-max-width:48rem] mx-auto max-w-(--thread-content-max-width) flex-1 group\/turn-messages focus-visible:outline-hidden relative flex w-full min-w-0 flex-col agent-turn\"><div class=\"flex max-w-full flex-col gap-4 grow\"><div class=\"min-h-8 text-message relative flex w-full flex-col items-end gap-2 text-start break-words whitespace-normal outline-none keyboard-focused:focus-ring [.text-message+&amp;]:mt-1\" dir=\"auto\" tabindex=\"0\" data-message-author-role=\"assistant\" data-message-id=\"1a08d6d6-5bab-410c-b206-7e8dabcf3b02\" data-message-model-slug=\"gpt-5-4-thinking\" data-turn-start-message=\"true\"><div class=\"flex w-full flex-col gap-1 empty:hidden\"><div class=\"markdown prose dark:prose-invert w-full wrap-break-word dark markdown-new-styling\"><p data-start=\"117\" data-end=\"625\">At Universal Sport Instalaciones, we have developed the project for Club Nataci\u00f3n Lleida, an initiative focused on delivering a high-quality solution for the installation of tennis courts in Lleida, with a professional finish designed to ensure durability, optimal sports performance, and a well-crafted visual appearance of the facility. This project is listed among the works carried out by Universal Sport Instalaciones and is associated with Plexipave\u00ae surface.<\/p><p data-start=\"627\" data-end=\"1068\">This project reflects our experience in the construction and installation of tennis courts in Lleida, adapting each intervention to the characteristics of the space and the specific usage requirements of the court. In sports facilities like this, it is essential to work with systems that ensure consistent surface performance, a good playing feel, and high resistance over time.<\/p><p data-start=\"1070\" data-end=\"1491\">The project carried out for Club Nataci\u00f3n Lleida is part of our track record in the development of tennis courts in Lleida, providing technical solutions for clubs and sports facilities seeking a professional, functional, and long-lasting installation. Club Nataci\u00f3 Lleida is located in Lleida, in the Partida Bal\u00e0fia area, reinforcing the local focus of this page.<\/p><p data-start=\"1493\" data-end=\"1821\">If you are looking for a company specialized in the installation of tennis courts in Lleida, at Universal Sport Instalaciones we develop projects for clubs, residential developments, hotels, and sports complexes, working with top-quality materials and a clear focus on quality, functionality, and durability.<\/p><\/div><\/div><\/div><\/div><div class=\"z-0 flex min-h-[46px] justify-start\"> <\/div><div class=\"mt-3 w-full empty:hidden\"><div class=\"text-center\"> <\/div><\/div><\/div><\/div><\/section><\/div><div class=\"pointer-events-none h-px w-px absolute bottom-0\" aria-hidden=\"true\" data-edge=\"true\"> <\/div>\t\t\t\t\t\t\t\t<\/div>\n\t\t\t\t<\/div>\n\t\t\t\t<\/div>\n\t\t\t\t<\/div>\n\t\t<div class=\"elementor-element elementor-element-51662a0 e-flex e-con-boxed e-con e-parent\" data-id=\"51662a0\" data-element_type=\"container\" data-settings=\"{&quot;background_background&quot;:&quot;classic&quot;}\">\n\t\t\t\t\t<div class=\"e-con-inner\">\n\t\t<div class=\"elementor-element elementor-element-1eadfc8 e-con-full e-flex e-con e-child\" data-id=\"1eadfc8\" data-element_type=\"container\">\n\t\t\t\t<div class=\"elementor-element elementor-element-01e88a1 elementor-widget elementor-widget-heading\" data-id=\"01e88a1\" data-element_type=\"widget\" data-widget_type=\"heading.default\">\n\t\t\t\t<div class=\"elementor-widget-container\">\n\t\t\t\t\t<p class=\"elementor-heading-title elementor-size-default\">Tennis court installation<\/p>\t\t\t\t<\/div>\n\t\t\t\t<\/div>\n\t\t\t\t<div class=\"elementor-element elementor-element-92c8229 elementor-widget elementor-widget-heading\" data-id=\"92c8229\" data-element_type=\"widget\" data-widget_type=\"heading.default\">\n\t\t\t\t<div class=\"elementor-widget-container\">\n\t\t\t\t\t<h2 class=\"elementor-heading-title elementor-size-default\">CONTACT US<\/h2>\t\t\t\t<\/div>\n\t\t\t\t<\/div>\n\t\t\t\t<div class=\"elementor-element elementor-element-927dbe0 elementor-widget__width-initial elementor-widget elementor-widget-text-editor\" data-id=\"927dbe0\" data-element_type=\"widget\" data-widget_type=\"text-editor.default\">\n\t\t\t\t<div class=\"elementor-widget-container\">\n\t\t\t\t\t\t\t\t\t<p class=\"cvGsUA direction-ltr align-start para-style-body\"><span class=\"OYPEnA font-feature-liga-off font-feature-clig-off font-feature-calt-off text-decoration-none text-strikethrough-none\">At Universal Sport Instalaciones, we have decades of experience creating all types of sports surfaces, especially tennis courts. We work with leading brands in the industry, advanced materials, and a specialized team focused on delivering durable, safe results tailored to each sport.<\/span><\/p><p class=\"cvGsUA direction-ltr align-start para-style-body\"><strong><span class=\"OYPEnA font-feature-liga-off font-feature-clig-off font-feature-calt-off text-decoration-none text-strikethrough-none\">Tell us about your tennis court construction project and we will advise you with no obligation.<\/span><\/strong><\/p>\t\t\t\t\t\t\t\t<\/div>\n\t\t\t\t<\/div>\n\t\t\t\t<div class=\"elementor-element elementor-element-0958e43 elementor-widget elementor-widget-button\" data-id=\"0958e43\" data-element_type=\"widget\" data-widget_type=\"button.default\">\n\t\t\t\t<div class=\"elementor-widget-container\">\n\t\t\t\t\t\t\t\t\t<div class=\"elementor-button-wrapper\">\n\t\t\t\t\t<a class=\"elementor-button elementor-button-link elementor-size-sm\" href=\"https:\/\/universal-sport-instalaciones.com\/en\/contact\/\">\n\t\t\t\t\t\t<span class=\"elementor-button-content-wrapper\">\n\t\t\t\t\t\t\t\t\t<span class=\"elementor-button-text\">CONTACT<\/span>\n\t\t\t\t\t<\/span>\n\t\t\t\t\t<\/a>\n\t\t\t\t<\/div>\n\t\t\t\t\t\t\t\t<\/div>\n\t\t\t\t<\/div>\n\t\t\t\t<\/div>\n\t\t<div class=\"elementor-element elementor-element-90668a3 e-con-full e-flex e-con e-child\" data-id=\"90668a3\" data-element_type=\"container\">\n\t\t\t\t<\/div>\n\t\t\t\t\t<\/div>\n\t\t\t\t<\/div>\n\t\t\t\t<\/div>\n\t\t","protected":false},"excerpt":{"rendered":"<p>Club Nataci\u00f3n Lleida Home Club Nataci\u00f3n Lleida: tennis court installation in Lleida with Plexipave\u00ae surface At Universal Sport Instalaciones, we have developed the project for Club Nataci\u00f3n Lleida, an initiative focused on delivering a high-quality solution for the installation of tennis courts in Lleida, with a professional finish designed to ensure durability, optimal sports performance, [&hellip;]<\/p>\n","protected":false},"author":1,"featured_media":0,"parent":1567,"menu_order":0,"comment_status":"closed","ping_status":"closed","template":"","meta":{"footnotes":""},"class_list":["post-3978","page","type-page","status-publish","hentry"],"yoast_head":"<!-- This site is optimized with the Yoast SEO plugin v26.2 - https:\/\/yoast.com\/wordpress\/plugins\/seo\/ -->\n<title>Club nataci\u00f3n lleida - Universal Sports<\/title>\n<meta name=\"robots\" content=\"index, follow, max-snippet:-1, max-image-preview:large, max-video-preview:-1\" \/>\n<link rel=\"canonical\" href=\"https:\/\/universal-sport-instalaciones.com\/en\/clients-and-projects\/club-natacion-lleida\/\" \/>\n<meta property=\"og:locale\" content=\"en_US\" \/>\n<meta property=\"og:type\" content=\"article\" \/>\n<meta property=\"og:title\" content=\"Club nataci\u00f3n lleida - Universal Sports\" \/>\n<meta property=\"og:description\" content=\"Club Nataci\u00f3n Lleida Home Club Nataci\u00f3n Lleida: tennis court installation in Lleida with Plexipave\u00ae surface At Universal Sport Instalaciones, we have developed the project for Club Nataci\u00f3n Lleida, an initiative focused on delivering a high-quality solution for the installation of tennis courts in Lleida, with a professional finish designed to ensure durability, optimal sports performance, [&hellip;]\" \/>\n<meta property=\"og:url\" content=\"https:\/\/universal-sport-instalaciones.com\/en\/clients-and-projects\/club-natacion-lleida\/\" \/>\n<meta property=\"og:site_name\" content=\"Universal Sports\" \/>\n<meta property=\"article:modified_time\" content=\"2026-04-06T10:27:24+00:00\" \/>\n<meta property=\"og:image\" content=\"https:\/\/universal-sport-instalaciones.com\/wp-content\/uploads\/2025\/05\/02usi_logo_wh.png\" \/>\n\t<meta property=\"og:image:width\" content=\"580\" \/>\n\t<meta property=\"og:image:height\" content=\"94\" \/>\n\t<meta property=\"og:image:type\" content=\"image\/png\" \/>\n<meta name=\"twitter:card\" content=\"summary_large_image\" \/>\n<meta name=\"twitter:label1\" content=\"Est. reading time\" \/>\n\t<meta name=\"twitter:data1\" content=\"2 minutes\" \/>\n<script type=\"application\/ld+json\" class=\"yoast-schema-graph\">{\"@context\":\"https:\/\/schema.org\",\"@graph\":[{\"@type\":\"WebPage\",\"@id\":\"https:\/\/universal-sport-instalaciones.com\/en\/clients-and-projects\/club-natacion-lleida\/\",\"url\":\"https:\/\/universal-sport-instalaciones.com\/en\/clients-and-projects\/club-natacion-lleida\/\",\"name\":\"Club nataci\u00f3n lleida - Universal Sports\",\"isPartOf\":{\"@id\":\"https:\/\/universal-sport-instalaciones.com\/en\/#website\"},\"datePublished\":\"2026-04-01T10:20:54+00:00\",\"dateModified\":\"2026-04-06T10:27:24+00:00\",\"breadcrumb\":{\"@id\":\"https:\/\/universal-sport-instalaciones.com\/en\/clients-and-projects\/club-natacion-lleida\/#breadcrumb\"},\"inLanguage\":\"en-US\",\"potentialAction\":[{\"@type\":\"ReadAction\",\"target\":[\"https:\/\/universal-sport-instalaciones.com\/en\/clients-and-projects\/club-natacion-lleida\/\"]}]},{\"@type\":\"BreadcrumbList\",\"@id\":\"https:\/\/universal-sport-instalaciones.com\/en\/clients-and-projects\/club-natacion-lleida\/#breadcrumb\",\"itemListElement\":[{\"@type\":\"ListItem\",\"position\":1,\"name\":\"Portada\",\"item\":\"https:\/\/universal-sport-instalaciones.com\/en\/\"},{\"@type\":\"ListItem\",\"position\":2,\"name\":\"Clients and Projects\",\"item\":\"https:\/\/universal-sport-instalaciones.com\/en\/clientes-y-proyectos\/\"},{\"@type\":\"ListItem\",\"position\":3,\"name\":\"Club nataci\u00f3n lleida\"}]},{\"@type\":\"WebSite\",\"@id\":\"https:\/\/universal-sport-instalaciones.com\/en\/#website\",\"url\":\"https:\/\/universal-sport-instalaciones.com\/en\/\",\"name\":\"Universal Sports\",\"description\":\"Somos proveedores e instaladores homologados de pistas de tenis, atletismo y otras superficies deportivas de alta calidad. | Universal Sport Instalaciones\",\"publisher\":{\"@id\":\"https:\/\/universal-sport-instalaciones.com\/en\/#organization\"},\"potentialAction\":[{\"@type\":\"SearchAction\",\"target\":{\"@type\":\"EntryPoint\",\"urlTemplate\":\"https:\/\/universal-sport-instalaciones.com\/en\/?s={search_term_string}\"},\"query-input\":{\"@type\":\"PropertyValueSpecification\",\"valueRequired\":true,\"valueName\":\"search_term_string\"}}],\"inLanguage\":\"en-US\"},{\"@type\":\"Organization\",\"@id\":\"https:\/\/universal-sport-instalaciones.com\/en\/#organization\",\"name\":\"Universal Sports\",\"url\":\"https:\/\/universal-sport-instalaciones.com\/en\/\",\"logo\":{\"@type\":\"ImageObject\",\"inLanguage\":\"en-US\",\"@id\":\"https:\/\/universal-sport-instalaciones.com\/en\/#\/schema\/logo\/image\/\",\"url\":\"https:\/\/universal-sport-instalaciones.com\/wp-content\/uploads\/2025\/05\/02usi_logo_wh.png\",\"contentUrl\":\"https:\/\/universal-sport-instalaciones.com\/wp-content\/uploads\/2025\/05\/02usi_logo_wh.png\",\"width\":580,\"height\":94,\"caption\":\"Universal Sports\"},\"image\":{\"@id\":\"https:\/\/universal-sport-instalaciones.com\/en\/#\/schema\/logo\/image\/\"}}]}<\/script>\n<!-- \/ Yoast SEO plugin. -->","yoast_head_json":{"title":"Club nataci\u00f3n lleida - Universal Sports","robots":{"index":"index","follow":"follow","max-snippet":"max-snippet:-1","max-image-preview":"max-image-preview:large","max-video-preview":"max-video-preview:-1"},"canonical":"https:\/\/universal-sport-instalaciones.com\/en\/clients-and-projects\/club-natacion-lleida\/","og_locale":"en_US","og_type":"article","og_title":"Club nataci\u00f3n lleida - Universal Sports","og_description":"Club Nataci\u00f3n Lleida Home Club Nataci\u00f3n Lleida: tennis court installation in Lleida with Plexipave\u00ae surface At Universal Sport Instalaciones, we have developed the project for Club Nataci\u00f3n Lleida, an initiative focused on delivering a high-quality solution for the installation of tennis courts in Lleida, with a professional finish designed to ensure durability, optimal sports performance, [&hellip;]","og_url":"https:\/\/universal-sport-instalaciones.com\/en\/clients-and-projects\/club-natacion-lleida\/","og_site_name":"Universal Sports","article_modified_time":"2026-04-06T10:27:24+00:00","og_image":[{"width":580,"height":94,"url":"https:\/\/universal-sport-instalaciones.com\/wp-content\/uploads\/2025\/05\/02usi_logo_wh.png","type":"image\/png"}],"twitter_card":"summary_large_image","twitter_misc":{"Est. reading time":"2 minutes"},"schema":{"@context":"https:\/\/schema.org","@graph":[{"@type":"WebPage","@id":"https:\/\/universal-sport-instalaciones.com\/en\/clients-and-projects\/club-natacion-lleida\/","url":"https:\/\/universal-sport-instalaciones.com\/en\/clients-and-projects\/club-natacion-lleida\/","name":"Club nataci\u00f3n lleida - Universal Sports","isPartOf":{"@id":"https:\/\/universal-sport-instalaciones.com\/en\/#website"},"datePublished":"2026-04-01T10:20:54+00:00","dateModified":"2026-04-06T10:27:24+00:00","breadcrumb":{"@id":"https:\/\/universal-sport-instalaciones.com\/en\/clients-and-projects\/club-natacion-lleida\/#breadcrumb"},"inLanguage":"en-US","potentialAction":[{"@type":"ReadAction","target":["https:\/\/universal-sport-instalaciones.com\/en\/clients-and-projects\/club-natacion-lleida\/"]}]},{"@type":"BreadcrumbList","@id":"https:\/\/universal-sport-instalaciones.com\/en\/clients-and-projects\/club-natacion-lleida\/#breadcrumb","itemListElement":[{"@type":"ListItem","position":1,"name":"Portada","item":"https:\/\/universal-sport-instalaciones.com\/en\/"},{"@type":"ListItem","position":2,"name":"Clients and Projects","item":"https:\/\/universal-sport-instalaciones.com\/en\/clientes-y-proyectos\/"},{"@type":"ListItem","position":3,"name":"Club nataci\u00f3n lleida"}]},{"@type":"WebSite","@id":"https:\/\/universal-sport-instalaciones.com\/en\/#website","url":"https:\/\/universal-sport-instalaciones.com\/en\/","name":"Universal Sports","description":"Somos proveedores e instaladores homologados de pistas de tenis, atletismo y otras superficies deportivas de alta calidad. | Universal Sport Instalaciones","publisher":{"@id":"https:\/\/universal-sport-instalaciones.com\/en\/#organization"},"potentialAction":[{"@type":"SearchAction","target":{"@type":"EntryPoint","urlTemplate":"https:\/\/universal-sport-instalaciones.com\/en\/?s={search_term_string}"},"query-input":{"@type":"PropertyValueSpecification","valueRequired":true,"valueName":"search_term_string"}}],"inLanguage":"en-US"},{"@type":"Organization","@id":"https:\/\/universal-sport-instalaciones.com\/en\/#organization","name":"Universal Sports","url":"https:\/\/universal-sport-instalaciones.com\/en\/","logo":{"@type":"ImageObject","inLanguage":"en-US","@id":"https:\/\/universal-sport-instalaciones.com\/en\/#\/schema\/logo\/image\/","url":"https:\/\/universal-sport-instalaciones.com\/wp-content\/uploads\/2025\/05\/02usi_logo_wh.png","contentUrl":"https:\/\/universal-sport-instalaciones.com\/wp-content\/uploads\/2025\/05\/02usi_logo_wh.png","width":580,"height":94,"caption":"Universal Sports"},"image":{"@id":"https:\/\/universal-sport-instalaciones.com\/en\/#\/schema\/logo\/image\/"}}]}},"rttpg_featured_image_url":null,"rttpg_author":{"display_name":"Impresiona","author_link":"https:\/\/universal-sport-instalaciones.com\/en\/author\/impresiona\/"},"rttpg_comment":0,"rttpg_category":" <a href=\"https:\/\/universal-sport-instalaciones.com\/en\/?taxonomy=translation_priority&#038;term=opcional-en\" rel=\"tag\">Opcional<\/a>","rttpg_excerpt":"Club Nataci\u00f3n Lleida Home Club Nataci\u00f3n Lleida: tennis court installation in Lleida with Plexipave\u00ae surface At Universal Sport Instalaciones, we have developed the project for Club Nataci\u00f3n Lleida, an initiative focused on delivering a high-quality solution for the installation of tennis courts in Lleida, with a professional finish designed to ensure durability, optimal sports performance,&hellip;","_links":{"self":[{"href":"https:\/\/universal-sport-instalaciones.com\/en\/wp-json\/wp\/v2\/pages\/3978","targetHints":{"allow":["GET"]}}],"collection":[{"href":"https:\/\/universal-sport-instalaciones.com\/en\/wp-json\/wp\/v2\/pages"}],"about":[{"href":"https:\/\/universal-sport-instalaciones.com\/en\/wp-json\/wp\/v2\/types\/page"}],"author":[{"embeddable":true,"href":"https:\/\/universal-sport-instalaciones.com\/en\/wp-json\/wp\/v2\/users\/1"}],"replies":[{"embeddable":true,"href":"https:\/\/universal-sport-instalaciones.com\/en\/wp-json\/wp\/v2\/comments?post=3978"}],"version-history":[{"count":1,"href":"https:\/\/universal-sport-instalaciones.com\/en\/wp-json\/wp\/v2\/pages\/3978\/revisions"}],"predecessor-version":[{"id":3979,"href":"https:\/\/universal-sport-instalaciones.com\/en\/wp-json\/wp\/v2\/pages\/3978\/revisions\/3979"}],"up":[{"embeddable":true,"href":"https:\/\/universal-sport-instalaciones.com\/en\/wp-json\/wp\/v2\/pages\/1567"}],"wp:attachment":[{"href":"https:\/\/universal-sport-instalaciones.com\/en\/wp-json\/wp\/v2\/media?parent=3978"}],"curies":[{"name":"wp","href":"https:\/\/api.w.org\/{rel}","templated":true}]}}